{"id":8,"date":"2014-07-01T14:53:32","date_gmt":"2014-07-01T14:53:32","guid":{"rendered":"http:\/\/www.museocaraffa.org.ar\/blogcentenario\/?page_id=8"},"modified":"2015-04-17T11:54:14","modified_gmt":"2015-04-17T14:54:14","slug":"acerca-de-este-blog","status":"publish","type":"page","link":"https:\/\/www.museocaraffa.org.ar\/blogcentenario\/?page_id=8","title":{"rendered":"Acerca de este blog"},"content":{"rendered":"<p style=\"text-align: justify;\">En diciembre de 2014 el Museo Caraffa cumple 100 a\u00f1os. Sin duda, el tiempo transcurrido desde aquel acontecimiento fundante en 1914 -la apertura de las \u00abSalas de Pintura\u00bb del Museo Provincial- ofrece una distancia considerable que alienta, y exige a la vez, un esfuerzo reflexivo renovado. Esfuerzo que ha encontrado una primera forma de materializarse en la exposici\u00f3n \u00ab<a title=\"Notas desplegables\" href=\"http:\/\/www.museocaraffa.org.ar\/blogcentenario\/?page_id=10\"><strong>Museo Caraffa &#8211; 100 A\u00f1os. Notas desplegables<\/strong><\/a>\u00bb (inaugurada en marzo de 2014), y que suma ahora la iniciativa de este blog, desde una idea complementaria. En efecto, si la organizaci\u00f3n cronol\u00f3gica del material documental prevalece y condiciona en gran medida la lectura en ese desarrollo expositivo lineal, este blog se propone como un recurso atravesado por una l\u00f3gica diferente, discontinua, que opera a base de fragmentos que pueden tanto insertarse en aquella l\u00ednea como recombinarse en otras m\u00faltiples secuencias. La posibilidad ofrecida por este soporte virtual de una interacci\u00f3n efectiva con los lectores, como as\u00ed tambi\u00e9n, la de potenciar conexiones dentro de ese archivo (necesariamente incompleto, arbitrario, que es el museo) forma parte de las expectativas del ejercicio de historia que aqu\u00ed se propone.<\/p>\n<p style=\"text-align: justify;\">\n<h6 style=\"text-align: justify;\">\u00a0Video en lengua de se\u00f1as argentina<\/h6>\n<p><span style=\"color: #808080;\">Actividad en conjunto con el Area Cultura Accesible. Int\u00e9rprete: Jesica Macri<\/span><\/p>\n<p><iframe title=\"Acerca de este blog \/ Video en lengua de se\u00f1as argentina.\" width=\"470\" height=\"353\" src=\"https:\/\/www.youtube.com\/embed\/vEMw3qzgbYA?feature=oembed\" frameborder=\"0\" allow=\"accelerometer; autoplay; clipboard-write; encrypted-media; gyroscope; picture-in-picture\" allowfullscreen><\/iframe><\/p>\n","protected":false},"excerpt":{"rendered":"<p>En diciembre de 2014 el Museo Caraffa cumple 100 a\u00f1os. Sin duda, el tiempo transcurrido desde aquel acontecimiento fundante en 1914 -la apertura de las&#8230;<\/p>\n","protected":false},"author":2,"featured_media":0,"parent":0,"menu_order":1,"comment_status":"open","ping_status":"open","template":"","meta":[],"_links":{"self":[{"href":"https:\/\/www.museocaraffa.org.ar\/blogcentenario\/index.php?rest_route=\/wp\/v2\/pages\/8"}],"collection":[{"href":"https:\/\/www.museocaraffa.org.ar\/blogcentenario\/index.php?rest_route=\/wp\/v2\/pages"}],"about":[{"href":"https:\/\/www.museocaraffa.org.ar\/blogcentenario\/index.php?rest_route=\/wp\/v2\/types\/page"}],"author":[{"embeddable":true,"href":"https:\/\/www.museocaraffa.org.ar\/blogcentenario\/index.php?rest_route=\/wp\/v2\/users\/2"}],"replies":[{"embeddable":true,"href":"https:\/\/www.museocaraffa.org.ar\/blogcentenario\/index.php?rest_route=%2Fwp%2Fv2%2Fcomments&post=8"}],"version-history":[{"count":12,"href":"https:\/\/www.museocaraffa.org.ar\/blogcentenario\/index.php?rest_route=\/wp\/v2\/pages\/8\/revisions"}],"predecessor-version":[{"id":1712,"href":"https:\/\/www.museocaraffa.org.ar\/blogcentenario\/index.php?rest_route=\/wp\/v2\/pages\/8\/revisions\/1712"}],"wp:attachment":[{"href":"https:\/\/www.museocaraffa.org.ar\/blogcentenario\/index.php?rest_route=%2Fwp%2Fv2%2Fmedia&parent=8"}],"curies":[{"name":"wp","href":"https:\/\/api.w.org\/{rel}","templated":true}]}}